{"id":2133,"date":"2025-12-18T04:56:15","date_gmt":"2025-12-18T04:56:15","guid":{"rendered":"https:\/\/gobern.ai\/?page_id=2133"},"modified":"2026-01-13T16:01:20","modified_gmt":"2026-01-13T16:01:20","slug":"news","status":"publish","type":"page","link":"https:\/\/gobern.ai\/?page_id=2133","title":{"rendered":"Noticias"},"content":{"rendered":"\t\t<div data-elementor-type=\"wp-page\" data-elementor-id=\"2133\" class=\"elementor elementor-2133\" data-elementor-post-type=\"page\">\n\t\t\t\t<div data-marvy_enable_drop_animation=\"false\" data-marvy_enable_fancy_rotate=\"false\" data-marvy_enable_flying_object=\"false\" data-marvy_enable_ripples_animation=\"false\" data-marvy_enable_waves_animation=\"false\" data-marvy_enable_rings_animation=\"false\" data-marvy_enable_topology_animation=\"false\" data-marvy_enable_gradient_animation=\"false\" data-marvy_enable_snow_animation=\"false\" data-marvy_enable_firework_animation=\"false\" data-marvy_enable_cloud_animation=\"false\" class=\"elementor-element elementor-element-f8f2f3d e-flex e-con-boxed e-con e-parent\" data-id=\"f8f2f3d\" data-element_type=\"container\">\n\t\t\t\t\t<div class=\"e-con-inner\">\n\t\t\t\t<div class=\"elementor-element elementor-element-633cb00 elementor-grid-3 elementor-grid-tablet-2 elementor-grid-mobile-1 elementor-posts--thumbnail-top elementor-card-shadow-yes elementor-posts__hover-gradient elementor-widget elementor-widget-posts\" data-id=\"633cb00\" data-element_type=\"widget\" data-settings=\"{&quot;cards_columns&quot;:&quot;3&quot;,&quot;cards_columns_tablet&quot;:&quot;2&quot;,&quot;cards_columns_mobile&quot;:&quot;1&quot;,&quot;cards_row_gap&quot;:{&quot;unit&quot;:&quot;px&quot;,&quot;size&quot;:35,&quot;sizes&quot;:[]},&quot;cards_row_gap_tablet&quot;:{&quot;unit&quot;:&quot;px&quot;,&quot;size&quot;:&quot;&quot;,&quot;sizes&quot;:[]},&quot;cards_row_gap_mobile&quot;:{&quot;unit&quot;:&quot;px&quot;,&quot;size&quot;:&quot;&quot;,&quot;sizes&quot;:[]}}\" data-widget_type=\"posts.cards\">\n\t\t\t\t<div class=\"elementor-widget-container\">\n\t\t\t\t\t\t\t<div class=\"elementor-posts-container elementor-posts elementor-posts--skin-cards elementor-grid\">\n\t\t\t\t<article class=\"elementor-post elementor-grid-item post-2258 post type-post status-publish format-standard has-post-thumbnail hentry category-commercial\">\n\t\t\t<div class=\"elementor-post__card\">\n\t\t\t\t<a class=\"elementor-post__thumbnail__link\" href=\"https:\/\/gobern.ai\/?p=2258\" tabindex=\"-1\" target=\"_blank\"><div class=\"elementor-post__thumbnail\"><img fetchpriority=\"high\" decoding=\"async\" width=\"1600\" height=\"1395\" src=\"https:\/\/gobern.ai\/wp-content\/uploads\/2025\/12\/Aldo.jpeg\" class=\"attachment-full size-full wp-image-2259\" alt=\"\" srcset=\"https:\/\/gobern.ai\/wp-content\/uploads\/2025\/12\/Aldo.jpeg 1600w, https:\/\/gobern.ai\/wp-content\/uploads\/2025\/12\/Aldo-300x262.jpeg 300w, https:\/\/gobern.ai\/wp-content\/uploads\/2025\/12\/Aldo-1024x893.jpeg 1024w, https:\/\/gobern.ai\/wp-content\/uploads\/2025\/12\/Aldo-768x670.jpeg 768w, https:\/\/gobern.ai\/wp-content\/uploads\/2025\/12\/Aldo-1536x1339.jpeg 1536w, https:\/\/gobern.ai\/wp-content\/uploads\/2025\/12\/Aldo-14x12.jpeg 14w, https:\/\/gobern.ai\/wp-content\/uploads\/2025\/12\/Aldo-600x523.jpeg 600w\" sizes=\"(max-width: 1600px) 100vw, 1600px\" \/><\/div><\/a>\n\t\t\t\t<div class=\"elementor-post__text\">\n\t\t\t\t<h3 class=\"elementor-post__title\">\n\t\t\t<a href=\"https:\/\/gobern.ai\/?p=2258\" target=&quot;_blank&quot;>\n\t\t\t\tAldo de Santis presenta GobernAI en el programa &#8216;Lo que viene&#8217; de COPE: \u00abLa IA no reemplaza pol\u00edticos, maximiza sus capacidades\u00bb\t\t\t<\/a>\n\t\t<\/h3>\n\t\t\t\t<div class=\"elementor-post__excerpt\">\n\t\t\t<p>Aldo de Santis presenta GobernAI en el programa &#8216;Lo que viene&#8217; de COPE: &#8220;La IA no reemplaza pol\u00edticos, maximiza sus<\/p>\n\t\t<\/div>\n\t\t\t\t\t<div class=\"elementor-post__read-more-wrapper\">\n\t\t\n\t\t<a class=\"elementor-post__read-more\" href=\"https:\/\/gobern.ai\/?p=2258\" aria-label=\"Read more about Aldo de Santis presenta GobernAI en el programa &#8216;Lo que viene&#8217; de COPE: \u00abLa IA no reemplaza pol\u00edticos, maximiza sus capacidades\u00bb\" tabindex=\"-1\" target=\"_blank\">\n\t\t\tRead More \u00bb\t\t<\/a>\n\n\t\t\t\t\t<\/div>\n\t\t\t\t<\/div>\n\t\t\t\t\t<\/div>\n\t\t<\/article>\n\t\t\t\t<article class=\"elementor-post elementor-grid-item post-2210 post type-post status-publish format-standard has-post-thumbnail hentry category-commercial\">\n\t\t\t<div class=\"elementor-post__card\">\n\t\t\t\t<a class=\"elementor-post__thumbnail__link\" href=\"https:\/\/gobern.ai\/?p=2210\" tabindex=\"-1\" target=\"_blank\"><div class=\"elementor-post__thumbnail\"><img decoding=\"async\" width=\"2560\" height=\"1440\" src=\"https:\/\/gobern.ai\/wp-content\/uploads\/2025\/12\/DSC04128-scaled.jpg\" class=\"attachment-full size-full wp-image-2212\" alt=\"\" srcset=\"https:\/\/gobern.ai\/wp-content\/uploads\/2025\/12\/DSC04128-scaled.jpg 2560w, https:\/\/gobern.ai\/wp-content\/uploads\/2025\/12\/DSC04128-300x169.jpg 300w, https:\/\/gobern.ai\/wp-content\/uploads\/2025\/12\/DSC04128-1024x576.jpg 1024w, https:\/\/gobern.ai\/wp-content\/uploads\/2025\/12\/DSC04128-768x432.jpg 768w, https:\/\/gobern.ai\/wp-content\/uploads\/2025\/12\/DSC04128-1536x864.jpg 1536w, https:\/\/gobern.ai\/wp-content\/uploads\/2025\/12\/DSC04128-2048x1152.jpg 2048w, https:\/\/gobern.ai\/wp-content\/uploads\/2025\/12\/DSC04128-18x10.jpg 18w, https:\/\/gobern.ai\/wp-content\/uploads\/2025\/12\/DSC04128-600x338.jpg 600w\" sizes=\"(max-width: 2560px) 100vw, 2560px\" \/><\/div><\/a>\n\t\t\t\t<div class=\"elementor-post__text\">\n\t\t\t\t<h3 class=\"elementor-post__title\">\n\t\t\t<a href=\"https:\/\/gobern.ai\/?p=2210\" target=&quot;_blank&quot;>\n\t\t\t\tGobernAI presenta su ecosistema de Inteligencia Artificial Explicable ante comunicadores municipales de Ecuador\t\t\t<\/a>\n\t\t<\/h3>\n\t\t\t\t<div class=\"elementor-post__excerpt\">\n\t\t\t<p>GobernAI presenta su ecosistema de Inteligencia Artificial Explicable ante comunicadores municipales de Ecuador Cristofer Correia, fundador y CEO de GobernAI,<\/p>\n\t\t<\/div>\n\t\t\t\t\t<div class=\"elementor-post__read-more-wrapper\">\n\t\t\n\t\t<a class=\"elementor-post__read-more\" href=\"https:\/\/gobern.ai\/?p=2210\" aria-label=\"Read more about GobernAI presenta su ecosistema de Inteligencia Artificial Explicable ante comunicadores municipales de Ecuador\" tabindex=\"-1\" target=\"_blank\">\n\t\t\tRead More \u00bb\t\t<\/a>\n\n\t\t\t\t\t<\/div>\n\t\t\t\t<\/div>\n\t\t\t\t\t<\/div>\n\t\t<\/article>\n\t\t\t\t<article class=\"elementor-post elementor-grid-item post-2221 post type-post status-publish format-standard has-post-thumbnail hentry category-commercial\">\n\t\t\t<div class=\"elementor-post__card\">\n\t\t\t\t<a class=\"elementor-post__thumbnail__link\" href=\"https:\/\/gobern.ai\/?p=2221\" tabindex=\"-1\" target=\"_blank\"><div class=\"elementor-post__thumbnail\"><img decoding=\"async\" width=\"1200\" height=\"802\" src=\"https:\/\/gobern.ai\/wp-content\/uploads\/2025\/12\/Konrad-Adenauer-Stiftung_Ostseite.jpg\" class=\"attachment-full size-full wp-image-2222\" alt=\"\" srcset=\"https:\/\/gobern.ai\/wp-content\/uploads\/2025\/12\/Konrad-Adenauer-Stiftung_Ostseite.jpg 1200w, https:\/\/gobern.ai\/wp-content\/uploads\/2025\/12\/Konrad-Adenauer-Stiftung_Ostseite-300x201.jpg 300w, https:\/\/gobern.ai\/wp-content\/uploads\/2025\/12\/Konrad-Adenauer-Stiftung_Ostseite-1024x684.jpg 1024w, https:\/\/gobern.ai\/wp-content\/uploads\/2025\/12\/Konrad-Adenauer-Stiftung_Ostseite-768x513.jpg 768w, https:\/\/gobern.ai\/wp-content\/uploads\/2025\/12\/Konrad-Adenauer-Stiftung_Ostseite-18x12.jpg 18w, https:\/\/gobern.ai\/wp-content\/uploads\/2025\/12\/Konrad-Adenauer-Stiftung_Ostseite-600x401.jpg 600w\" sizes=\"(max-width: 1200px) 100vw, 1200px\" \/><\/div><\/a>\n\t\t\t\t<div class=\"elementor-post__text\">\n\t\t\t\t<h3 class=\"elementor-post__title\">\n\t\t\t<a href=\"https:\/\/gobern.ai\/?p=2221\" target=&quot;_blank&quot;>\n\t\t\t\tGobernAI participa en la I Cumbre Nacional de Asociaciones organizada por Libertad Sin Ira y la Fundaci\u00f3n Konrad Adenauer\t\t\t<\/a>\n\t\t<\/h3>\n\t\t\t\t<div class=\"elementor-post__excerpt\">\n\t\t\t<p>GobernAI participa en la I Cumbre Nacional de Asociaciones organizada por Libertad Sin Ira y la Fundaci\u00f3n Konrad Adenauer Madrid,<\/p>\n\t\t<\/div>\n\t\t\t\t\t<div class=\"elementor-post__read-more-wrapper\">\n\t\t\n\t\t<a class=\"elementor-post__read-more\" href=\"https:\/\/gobern.ai\/?p=2221\" aria-label=\"Read more about GobernAI participa en la I Cumbre Nacional de Asociaciones organizada por Libertad Sin Ira y la Fundaci\u00f3n Konrad Adenauer\" tabindex=\"-1\" target=\"_blank\">\n\t\t\tRead More \u00bb\t\t<\/a>\n\n\t\t\t\t\t<\/div>\n\t\t\t\t<\/div>\n\t\t\t\t\t<\/div>\n\t\t<\/article>\n\t\t\t\t<article class=\"elementor-post elementor-grid-item post-2218 post type-post status-publish format-standard has-post-thumbnail hentry category-commercial\">\n\t\t\t<div class=\"elementor-post__card\">\n\t\t\t\t<a class=\"elementor-post__thumbnail__link\" href=\"https:\/\/gobern.ai\/?p=2218\" tabindex=\"-1\" target=\"_blank\"><div class=\"elementor-post__thumbnail\"><img loading=\"lazy\" decoding=\"async\" width=\"860\" height=\"634\" src=\"https:\/\/gobern.ai\/wp-content\/uploads\/2025\/12\/Aldo-de-Santis-Napolitans-Awards-860x634-1.jpg\" class=\"attachment-full size-full wp-image-2220\" alt=\"\" srcset=\"https:\/\/gobern.ai\/wp-content\/uploads\/2025\/12\/Aldo-de-Santis-Napolitans-Awards-860x634-1.jpg 860w, https:\/\/gobern.ai\/wp-content\/uploads\/2025\/12\/Aldo-de-Santis-Napolitans-Awards-860x634-1-300x221.jpg 300w, https:\/\/gobern.ai\/wp-content\/uploads\/2025\/12\/Aldo-de-Santis-Napolitans-Awards-860x634-1-768x566.jpg 768w, https:\/\/gobern.ai\/wp-content\/uploads\/2025\/12\/Aldo-de-Santis-Napolitans-Awards-860x634-1-16x12.jpg 16w, https:\/\/gobern.ai\/wp-content\/uploads\/2025\/12\/Aldo-de-Santis-Napolitans-Awards-860x634-1-600x442.jpg 600w\" sizes=\"(max-width: 860px) 100vw, 860px\" \/><\/div><\/a>\n\t\t\t\t<div class=\"elementor-post__text\">\n\t\t\t\t<h3 class=\"elementor-post__title\">\n\t\t\t<a href=\"https:\/\/gobern.ai\/?p=2218\" target=&quot;_blank&quot;>\n\t\t\t\tAldo de Santis y CICOMP triunfan en los Napolitan Victory Awards 2025, los \u00ab\u00d3scar\u00bb de la comunicaci\u00f3n pol\u00edtica mundial\t\t\t<\/a>\n\t\t<\/h3>\n\t\t\t\t<div class=\"elementor-post__excerpt\">\n\t\t\t<p>Aldo de Santis y CICOMP triunfan en los Napolitan Victory Awards 2025, los &#8220;\u00d3scar&#8221; de la comunicaci\u00f3n pol\u00edtica mundial Washington<\/p>\n\t\t<\/div>\n\t\t\t\t\t<div class=\"elementor-post__read-more-wrapper\">\n\t\t\n\t\t<a class=\"elementor-post__read-more\" href=\"https:\/\/gobern.ai\/?p=2218\" aria-label=\"Read more about Aldo de Santis y CICOMP triunfan en los Napolitan Victory Awards 2025, los \u00ab\u00d3scar\u00bb de la comunicaci\u00f3n pol\u00edtica mundial\" tabindex=\"-1\" target=\"_blank\">\n\t\t\tRead More \u00bb\t\t<\/a>\n\n\t\t\t\t\t<\/div>\n\t\t\t\t<\/div>\n\t\t\t\t\t<\/div>\n\t\t<\/article>\n\t\t\t\t<article class=\"elementor-post elementor-grid-item post-2215 post type-post status-publish format-standard has-post-thumbnail hentry category-commercial\">\n\t\t\t<div class=\"elementor-post__card\">\n\t\t\t\t<a class=\"elementor-post__thumbnail__link\" href=\"https:\/\/gobern.ai\/?p=2215\" tabindex=\"-1\" target=\"_blank\"><div class=\"elementor-post__thumbnail\"><img loading=\"lazy\" decoding=\"async\" width=\"2048\" height=\"1365\" src=\"https:\/\/gobern.ai\/wp-content\/uploads\/2025\/12\/IMG_5579.jpg\" class=\"attachment-full size-full wp-image-2216\" alt=\"\" srcset=\"https:\/\/gobern.ai\/wp-content\/uploads\/2025\/12\/IMG_5579.jpg 2048w, https:\/\/gobern.ai\/wp-content\/uploads\/2025\/12\/IMG_5579-300x200.jpg 300w, https:\/\/gobern.ai\/wp-content\/uploads\/2025\/12\/IMG_5579-1024x683.jpg 1024w, https:\/\/gobern.ai\/wp-content\/uploads\/2025\/12\/IMG_5579-768x512.jpg 768w, https:\/\/gobern.ai\/wp-content\/uploads\/2025\/12\/IMG_5579-1536x1024.jpg 1536w, https:\/\/gobern.ai\/wp-content\/uploads\/2025\/12\/IMG_5579-18x12.jpg 18w, https:\/\/gobern.ai\/wp-content\/uploads\/2025\/12\/IMG_5579-600x400.jpg 600w\" sizes=\"(max-width: 2048px) 100vw, 2048px\" \/><\/div><\/a>\n\t\t\t\t<div class=\"elementor-post__text\">\n\t\t\t\t<h3 class=\"elementor-post__title\">\n\t\t\t<a href=\"https:\/\/gobern.ai\/?p=2215\" target=&quot;_blank&quot;>\n\t\t\t\tGobernAI participa en encuentro estrat\u00e9gico del Partido Popular Europeo sobre innovaci\u00f3n en comunicaci\u00f3n pol\u00edtica\t\t\t<\/a>\n\t\t<\/h3>\n\t\t\t\t<div class=\"elementor-post__excerpt\">\n\t\t\t<p>GobernAI participa en encuentro estrat\u00e9gico del Partido Popular Europeo sobre innovaci\u00f3n en comunicaci\u00f3n pol\u00edtica Bruselas, B\u00e9lgica\u00a0\u2014\u00a06-7 de noviembre de 2025Cristofer<\/p>\n\t\t<\/div>\n\t\t\t\t\t<div class=\"elementor-post__read-more-wrapper\">\n\t\t\n\t\t<a class=\"elementor-post__read-more\" href=\"https:\/\/gobern.ai\/?p=2215\" aria-label=\"Read more about GobernAI participa en encuentro estrat\u00e9gico del Partido Popular Europeo sobre innovaci\u00f3n en comunicaci\u00f3n pol\u00edtica\" tabindex=\"-1\" target=\"_blank\">\n\t\t\tRead More \u00bb\t\t<\/a>\n\n\t\t\t\t\t<\/div>\n\t\t\t\t<\/div>\n\t\t\t\t\t<\/div>\n\t\t<\/article>\n\t\t\t\t<article class=\"elementor-post elementor-grid-item post-2224 post type-post status-publish format-standard has-post-thumbnail hentry category-commercial\">\n\t\t\t<div class=\"elementor-post__card\">\n\t\t\t\t<a class=\"elementor-post__thumbnail__link\" href=\"https:\/\/gobern.ai\/?p=2224\" tabindex=\"-1\" target=\"_blank\"><div class=\"elementor-post__thumbnail\"><img loading=\"lazy\" decoding=\"async\" width=\"742\" height=\"1174\" src=\"https:\/\/gobern.ai\/wp-content\/uploads\/2025\/12\/Captura-de-pantalla-2025-12-19-a-las-13.57.06.png\" class=\"attachment-full size-full wp-image-2225\" alt=\"\" srcset=\"https:\/\/gobern.ai\/wp-content\/uploads\/2025\/12\/Captura-de-pantalla-2025-12-19-a-las-13.57.06.png 742w, https:\/\/gobern.ai\/wp-content\/uploads\/2025\/12\/Captura-de-pantalla-2025-12-19-a-las-13.57.06-190x300.png 190w, https:\/\/gobern.ai\/wp-content\/uploads\/2025\/12\/Captura-de-pantalla-2025-12-19-a-las-13.57.06-647x1024.png 647w, https:\/\/gobern.ai\/wp-content\/uploads\/2025\/12\/Captura-de-pantalla-2025-12-19-a-las-13.57.06-8x12.png 8w, https:\/\/gobern.ai\/wp-content\/uploads\/2025\/12\/Captura-de-pantalla-2025-12-19-a-las-13.57.06-600x949.png 600w\" sizes=\"(max-width: 742px) 100vw, 742px\" \/><\/div><\/a>\n\t\t\t\t<div class=\"elementor-post__text\">\n\t\t\t\t<h3 class=\"elementor-post__title\">\n\t\t\t<a href=\"https:\/\/gobern.ai\/?p=2224\" target=&quot;_blank&quot;>\n\t\t\t\tAldo de Santis reconocido en el COMPOL 100 como uno de los consultores pol\u00edticos m\u00e1s influyentes de 2025\t\t\t<\/a>\n\t\t<\/h3>\n\t\t\t\t<div class=\"elementor-post__excerpt\">\n\t\t\t<p>Aldo de Santis reconocido en el COMPOL 100 como uno de los consultores pol\u00edticos m\u00e1s influyentes de 2025 Washington D.C.,<\/p>\n\t\t<\/div>\n\t\t\t\t\t<div class=\"elementor-post__read-more-wrapper\">\n\t\t\n\t\t<a class=\"elementor-post__read-more\" href=\"https:\/\/gobern.ai\/?p=2224\" aria-label=\"Read more about Aldo de Santis reconocido en el COMPOL 100 como uno de los consultores pol\u00edticos m\u00e1s influyentes de 2025\" tabindex=\"-1\" target=\"_blank\">\n\t\t\tRead More \u00bb\t\t<\/a>\n\n\t\t\t\t\t<\/div>\n\t\t\t\t<\/div>\n\t\t\t\t\t<\/div>\n\t\t<\/article>\n\t\t\t\t<article class=\"elementor-post elementor-grid-item post-2213 post type-post status-publish format-standard has-post-thumbnail hentry category-commercial\">\n\t\t\t<div class=\"elementor-post__card\">\n\t\t\t\t<a class=\"elementor-post__thumbnail__link\" href=\"https:\/\/gobern.ai\/?p=2213\" tabindex=\"-1\" target=\"_blank\"><div class=\"elementor-post__thumbnail\"><img loading=\"lazy\" decoding=\"async\" width=\"1400\" height=\"1400\" src=\"https:\/\/gobern.ai\/wp-content\/uploads\/2025\/10\/2c094dbcca6b1cc800c85c09f4ac7b5b_XXL.jpg\" class=\"attachment-full size-full wp-image-2227\" alt=\"\" srcset=\"https:\/\/gobern.ai\/wp-content\/uploads\/2025\/10\/2c094dbcca6b1cc800c85c09f4ac7b5b_XXL.jpg 1400w, https:\/\/gobern.ai\/wp-content\/uploads\/2025\/10\/2c094dbcca6b1cc800c85c09f4ac7b5b_XXL-300x300.jpg 300w, https:\/\/gobern.ai\/wp-content\/uploads\/2025\/10\/2c094dbcca6b1cc800c85c09f4ac7b5b_XXL-1024x1024.jpg 1024w, https:\/\/gobern.ai\/wp-content\/uploads\/2025\/10\/2c094dbcca6b1cc800c85c09f4ac7b5b_XXL-150x150.jpg 150w, https:\/\/gobern.ai\/wp-content\/uploads\/2025\/10\/2c094dbcca6b1cc800c85c09f4ac7b5b_XXL-768x768.jpg 768w, https:\/\/gobern.ai\/wp-content\/uploads\/2025\/10\/2c094dbcca6b1cc800c85c09f4ac7b5b_XXL-12x12.jpg 12w, https:\/\/gobern.ai\/wp-content\/uploads\/2025\/10\/2c094dbcca6b1cc800c85c09f4ac7b5b_XXL-600x600.jpg 600w, https:\/\/gobern.ai\/wp-content\/uploads\/2025\/10\/2c094dbcca6b1cc800c85c09f4ac7b5b_XXL-100x100.jpg 100w\" sizes=\"(max-width: 1400px) 100vw, 1400px\" \/><\/div><\/a>\n\t\t\t\t<div class=\"elementor-post__text\">\n\t\t\t\t<h3 class=\"elementor-post__title\">\n\t\t\t<a href=\"https:\/\/gobern.ai\/?p=2213\" target=&quot;_blank&quot;>\n\t\t\t\tCristofer Correia lleva GobernAI a la audiencia regional de Radio Mercosur: \u00abLa IA Explicable puede transformar la gesti\u00f3n p\u00fablica en Am\u00e9rica Latina\t\t\t<\/a>\n\t\t<\/h3>\n\t\t\t\t<div class=\"elementor-post__excerpt\">\n\t\t\t<p>Cristofer Correia lleva GobernAI a la audiencia regional de Radio Mercosur: &#8220;La IA Explicable puede transformar la gesti\u00f3n p\u00fablica en<\/p>\n\t\t<\/div>\n\t\t\t\t\t<div class=\"elementor-post__read-more-wrapper\">\n\t\t\n\t\t<a class=\"elementor-post__read-more\" href=\"https:\/\/gobern.ai\/?p=2213\" aria-label=\"Read more about Cristofer Correia lleva GobernAI a la audiencia regional de Radio Mercosur: \u00abLa IA Explicable puede transformar la gesti\u00f3n p\u00fablica en Am\u00e9rica Latina\" tabindex=\"-1\" target=\"_blank\">\n\t\t\tRead More \u00bb\t\t<\/a>\n\n\t\t\t\t\t<\/div>\n\t\t\t\t<\/div>\n\t\t\t\t\t<\/div>\n\t\t<\/article>\n\t\t\t\t<\/div>\n\t\t\n\t\t\t\t\t\t<\/div>\n\t\t\t\t<\/div>\n\t\t\t\t\t<\/div>\n\t\t\t\t<\/div>\n\t\t\t\t<\/div>\n\t\t","protected":false},"excerpt":{"rendered":"","protected":false},"author":1,"featured_media":0,"parent":0,"menu_order":0,"comment_status":"closed","ping_status":"closed","template":"","meta":{"content-type":"","footnotes":""},"class_list":["post-2133","page","type-page","status-publish","hentry"],"blocksy_meta":[],"yoast_head":"<!-- This site is optimized with the Yoast SEO plugin v25.6 - https:\/\/yoast.com\/wordpress\/plugins\/seo\/ -->\n<title>Noticias - Gobernai<\/title>\n<meta name=\"robots\" content=\"index, follow, max-snippet:-1, max-image-preview:large, max-video-preview:-1\" \/>\n<link rel=\"canonical\" href=\"https:\/\/gobern.ai\/?page_id=2133\" \/>\n<meta property=\"og:locale\" content=\"es_ES\" \/>\n<meta property=\"og:type\" content=\"article\" \/>\n<meta property=\"og:title\" content=\"Noticias - Gobernai\" \/>\n<meta property=\"og:url\" content=\"https:\/\/gobern.ai\/?page_id=2133\" \/>\n<meta property=\"og:site_name\" content=\"Gobernai\" \/>\n<meta property=\"article:modified_time\" content=\"2026-01-13T16:01:20+00:00\" \/>\n<meta name=\"twitter:card\" content=\"summary_large_image\" \/>\n<meta name=\"twitter:label1\" content=\"Tiempo de lectura\" \/>\n\t<meta name=\"twitter:data1\" content=\"6 minutos\" \/>\n<script type=\"application\/ld+json\" class=\"yoast-schema-graph\">{\"@context\":\"https:\/\/schema.org\",\"@graph\":[{\"@type\":\"WebPage\",\"@id\":\"https:\/\/gobern.ai\/?page_id=2133\",\"url\":\"https:\/\/gobern.ai\/?page_id=2133\",\"name\":\"Noticias - Gobernai\",\"isPartOf\":{\"@id\":\"https:\/\/gobernai-86a589.ingress-daribow.ewp.live\/#website\"},\"datePublished\":\"2025-12-18T04:56:15+00:00\",\"dateModified\":\"2026-01-13T16:01:20+00:00\",\"breadcrumb\":{\"@id\":\"https:\/\/gobern.ai\/?page_id=2133#breadcrumb\"},\"inLanguage\":\"es\",\"potentialAction\":[{\"@type\":\"ReadAction\",\"target\":[\"https:\/\/gobern.ai\/?page_id=2133\"]}]},{\"@type\":\"BreadcrumbList\",\"@id\":\"https:\/\/gobern.ai\/?page_id=2133#breadcrumb\",\"itemListElement\":[{\"@type\":\"ListItem\",\"position\":1,\"name\":\"Home\",\"item\":\"https:\/\/gobern.ai\/\"},{\"@type\":\"ListItem\",\"position\":2,\"name\":\"Noticias\"}]},{\"@type\":\"WebSite\",\"@id\":\"https:\/\/gobernai-86a589.ingress-daribow.ewp.live\/#website\",\"url\":\"https:\/\/gobernai-86a589.ingress-daribow.ewp.live\/\",\"name\":\"Gobernai\",\"description\":\"\",\"publisher\":{\"@id\":\"https:\/\/gobernai-86a589.ingress-daribow.ewp.live\/#organization\"},\"potentialAction\":[{\"@type\":\"SearchAction\",\"target\":{\"@type\":\"EntryPoint\",\"urlTemplate\":\"https:\/\/gobernai-86a589.ingress-daribow.ewp.live\/?s={search_term_string}\"},\"query-input\":{\"@type\":\"PropertyValueSpecification\",\"valueRequired\":true,\"valueName\":\"search_term_string\"}}],\"inLanguage\":\"es\"},{\"@type\":\"Organization\",\"@id\":\"https:\/\/gobernai-86a589.ingress-daribow.ewp.live\/#organization\",\"name\":\"Gobernai\",\"url\":\"https:\/\/gobernai-86a589.ingress-daribow.ewp.live\/\",\"logo\":{\"@type\":\"ImageObject\",\"inLanguage\":\"es\",\"@id\":\"https:\/\/gobernai-86a589.ingress-daribow.ewp.live\/#\/schema\/logo\/image\/\",\"url\":\"https:\/\/gobern.ai\/wp-content\/uploads\/2025\/08\/2LEfJNLhG0g1cmtsObXKBmI-e1754952590136.avif\",\"contentUrl\":\"https:\/\/gobern.ai\/wp-content\/uploads\/2025\/08\/2LEfJNLhG0g1cmtsObXKBmI-e1754952590136.avif\",\"width\":417,\"height\":135,\"caption\":\"Gobernai\"},\"image\":{\"@id\":\"https:\/\/gobernai-86a589.ingress-daribow.ewp.live\/#\/schema\/logo\/image\/\"}}]}<\/script>\n<!-- \/ Yoast SEO plugin. -->","yoast_head_json":{"title":"Noticias - Gobernai","robots":{"index":"index","follow":"follow","max-snippet":"max-snippet:-1","max-image-preview":"max-image-preview:large","max-video-preview":"max-video-preview:-1"},"canonical":"https:\/\/gobern.ai\/?page_id=2133","og_locale":"es_ES","og_type":"article","og_title":"Noticias - Gobernai","og_url":"https:\/\/gobern.ai\/?page_id=2133","og_site_name":"Gobernai","article_modified_time":"2026-01-13T16:01:20+00:00","twitter_card":"summary_large_image","twitter_misc":{"Tiempo de lectura":"6 minutos"},"schema":{"@context":"https:\/\/schema.org","@graph":[{"@type":"WebPage","@id":"https:\/\/gobern.ai\/?page_id=2133","url":"https:\/\/gobern.ai\/?page_id=2133","name":"Noticias - Gobernai","isPartOf":{"@id":"https:\/\/gobernai-86a589.ingress-daribow.ewp.live\/#website"},"datePublished":"2025-12-18T04:56:15+00:00","dateModified":"2026-01-13T16:01:20+00:00","breadcrumb":{"@id":"https:\/\/gobern.ai\/?page_id=2133#breadcrumb"},"inLanguage":"es","potentialAction":[{"@type":"ReadAction","target":["https:\/\/gobern.ai\/?page_id=2133"]}]},{"@type":"BreadcrumbList","@id":"https:\/\/gobern.ai\/?page_id=2133#breadcrumb","itemListElement":[{"@type":"ListItem","position":1,"name":"Home","item":"https:\/\/gobern.ai\/"},{"@type":"ListItem","position":2,"name":"Noticias"}]},{"@type":"WebSite","@id":"https:\/\/gobernai-86a589.ingress-daribow.ewp.live\/#website","url":"https:\/\/gobernai-86a589.ingress-daribow.ewp.live\/","name":"Gobernai","description":"","publisher":{"@id":"https:\/\/gobernai-86a589.ingress-daribow.ewp.live\/#organization"},"potentialAction":[{"@type":"SearchAction","target":{"@type":"EntryPoint","urlTemplate":"https:\/\/gobernai-86a589.ingress-daribow.ewp.live\/?s={search_term_string}"},"query-input":{"@type":"PropertyValueSpecification","valueRequired":true,"valueName":"search_term_string"}}],"inLanguage":"es"},{"@type":"Organization","@id":"https:\/\/gobernai-86a589.ingress-daribow.ewp.live\/#organization","name":"Gobernai","url":"https:\/\/gobernai-86a589.ingress-daribow.ewp.live\/","logo":{"@type":"ImageObject","inLanguage":"es","@id":"https:\/\/gobernai-86a589.ingress-daribow.ewp.live\/#\/schema\/logo\/image\/","url":"https:\/\/gobern.ai\/wp-content\/uploads\/2025\/08\/2LEfJNLhG0g1cmtsObXKBmI-e1754952590136.avif","contentUrl":"https:\/\/gobern.ai\/wp-content\/uploads\/2025\/08\/2LEfJNLhG0g1cmtsObXKBmI-e1754952590136.avif","width":417,"height":135,"caption":"Gobernai"},"image":{"@id":"https:\/\/gobernai-86a589.ingress-daribow.ewp.live\/#\/schema\/logo\/image\/"}}]}},"_links":{"self":[{"href":"https:\/\/gobern.ai\/index.php?rest_route=\/wp\/v2\/pages\/2133","targetHints":{"allow":["GET"]}}],"collection":[{"href":"https:\/\/gobern.ai\/index.php?rest_route=\/wp\/v2\/pages"}],"about":[{"href":"https:\/\/gobern.ai\/index.php?rest_route=\/wp\/v2\/types\/page"}],"author":[{"embeddable":true,"href":"https:\/\/gobern.ai\/index.php?rest_route=\/wp\/v2\/users\/1"}],"replies":[{"embeddable":true,"href":"https:\/\/gobern.ai\/index.php?rest_route=%2Fwp%2Fv2%2Fcomments&post=2133"}],"version-history":[{"count":5,"href":"https:\/\/gobern.ai\/index.php?rest_route=\/wp\/v2\/pages\/2133\/revisions"}],"predecessor-version":[{"id":2383,"href":"https:\/\/gobern.ai\/index.php?rest_route=\/wp\/v2\/pages\/2133\/revisions\/2383"}],"wp:attachment":[{"href":"https:\/\/gobern.ai\/index.php?rest_route=%2Fwp%2Fv2%2Fmedia&parent=2133"}],"curies":[{"name":"wp","href":"https:\/\/api.w.org\/{rel}","templated":true}]}}